{"id":2183,"date":"2024-04-06T22:49:49","date_gmt":"2024-04-06T20:49:49","guid":{"rendered":"https:\/\/nonpeutetreproductions.com\/contact\/"},"modified":"2024-12-28T21:06:01","modified_gmt":"2024-12-28T20:06:01","slug":"contact","status":"publish","type":"page","link":"https:\/\/nonpeutetreproductions.com\/en\/contact\/","title":{"rendered":"Contact"},"content":{"rendered":"<p>[et_pb_section fb_built=&#8221;1&#8243; custom_padding_last_edited=&#8221;on|phone&#8221; _builder_version=&#8221;4.27.4&#8243; _module_preset=&#8221;default&#8221; background_enable_color=&#8221;off&#8221; use_background_color_gradient=&#8221;on&#8221; background_color_gradient_stops=&#8221;#0063b2 0%|#4080d3 100%&#8221; parallax=&#8221;on&#8221; min_height=&#8221;99vh&#8221; custom_padding=&#8221;80px||80px||false|false&#8221; custom_padding_tablet=&#8221;80px||80px||false|false&#8221; custom_padding_phone=&#8221;60px||||false|false&#8221; hover_enabled=&#8221;0&#8243; global_colors_info=&#8221;{}&#8221; background_enable_image=&#8221;off&#8221; sticky_enabled=&#8221;0&#8243;][et_pb_row custom_padding_last_edited=&#8221;on|phone&#8221; module_id=&#8221;index-lig-2&#8243; _builder_version=&#8221;4.24.3&#8243; _module_preset=&#8221;default&#8221; width_tablet=&#8221;80%&#8221; width_phone=&#8221;80%&#8221; width_last_edited=&#8221;off|desktop&#8221; custom_margin=&#8221;||||false|false&#8221; custom_margin_last_edited=&#8221;off|tablet&#8221; custom_padding=&#8221;||||false|false&#8221; custom_padding_tablet=&#8221;||0px||false|false&#8221; custom_padding_phone=&#8221;||0px||false|false&#8221; locked=&#8221;off&#8221; global_colors_info=&#8221;{}&#8221;][et_pb_column type=&#8221;4_4&#8243; _builder_version=&#8221;4.24.3&#8243; _module_preset=&#8221;default&#8221; global_colors_info=&#8221;{}&#8221;][et_pb_text admin_label=&#8221;Texte-Contact&#8221; module_class=&#8221;text&#8221; _builder_version=&#8221;4.24.3&#8243; _module_preset=&#8221;default&#8221; header_font=&#8221;Metropolis_1920|300||on|||||&#8221; header_text_align=&#8221;center&#8221; header_text_color=&#8221;#FDFFFC&#8221; header_font_size=&#8221;69px&#8221; header_font_size_tablet=&#8221;54px&#8221; header_font_size_phone=&#8221;45px&#8221; header_font_size_last_edited=&#8221;on|phone&#8221; global_colors_info=&#8221;{}&#8221;]<\/p>\n<h1>Contact<\/h1>\n<p>[\/et_pb_text][\/et_pb_column][\/et_pb_row][et_pb_row custom_padding_last_edited=&#8221;on|phone&#8221; _builder_version=&#8221;4.25.1&#8243; _module_preset=&#8221;default&#8221; background_color=&#8221;rgba(0,73,148,0.8)&#8221; custom_margin=&#8221;40px||||false|false&#8221; custom_padding=&#8221;60px|60px|60px|60px|true|false&#8221; custom_padding_tablet=&#8221;60px|60px|60px|60px|true|false&#8221; custom_padding_phone=&#8221;40px|20px|40px|20px|true|false&#8221; global_colors_info=&#8221;{}&#8221;][et_pb_column type=&#8221;4_4&#8243; _builder_version=&#8221;4.24.3&#8243; _module_preset=&#8221;default&#8221; global_colors_info=&#8221;{}&#8221;][et_pb_text module_class=&#8221;text&#8221; _builder_version=&#8221;4.25.1&#8243; _module_preset=&#8221;default&#8221; text_text_color=&#8221;#FDFFFC&#8221; header_2_text_color=&#8221;#FDFFFC&#8221; global_colors_info=&#8221;{}&#8221;]<\/p>\n<h2>Do you have a question or need information?<\/h2>\n<p>Don&#8217;t hesitate to contact me using this form. I&#8217;ll get back to you as soon as possible.[\/et_pb_text][et_pb_contact_form captcha=&#8221;off&#8221; email=&#8221;marc.dalmans@gmail.com&#8221; success_message=&#8221;Your message has been sent. I&#8217;ll get back to you as soon as possible.&#8221; _builder_version=&#8221;4.25.1&#8243; _module_preset=&#8221;default&#8221; _unique_id=&#8221;375351ee-b301-4660-a498-cb99aa54c018&#8243; form_field_background_color=&#8221;RGBA(255,255,255,0)&#8221; form_field_text_color=&#8221;#FDFFFC&#8221; form_field_focus_background_color=&#8221;RGBA(255,255,255,0)&#8221; form_field_focus_text_color=&#8221;#FDFFFC&#8221; form_field_font_size=&#8221;15px&#8221; background_enable_color=&#8221;off&#8221; custom_button=&#8221;on&#8221; button_text_color=&#8221;#FDFFFC&#8221; button_bg_color=&#8221;#0063B2&#8243; button_border_width=&#8221;2px&#8221; button_border_color=&#8221;#FDFFFC&#8221; button_border_radius=&#8221;8px&#8221; button_font=&#8221;||||||||&#8221; button_icon=&#8221;&#xf1d8;||fa||400&#8243; button_custom_margin_tablet=&#8221;15px||||false|false&#8221; button_custom_margin_phone=&#8221;20px||||false|false&#8221; button_custom_margin_last_edited=&#8221;on|phone&#8221; custom_margin=&#8221;40px||||false|false&#8221; custom_padding=&#8221;40px|60px|40px|60px|true|false&#8221; custom_padding_tablet=&#8221;20px|0px|40px|0px|false|false&#8221; custom_padding_phone=&#8221;0px|0px|0px|0px|true|false&#8221; custom_padding_last_edited=&#8221;on|phone&#8221; border_color_all=&#8221;#155E60&#8243; border_width_bottom=&#8221;1px&#8221; border_color_bottom=&#8221;#FDFFFC&#8221; global_colors_info=&#8221;{}&#8221;][et_pb_contact_field field_id=&#8221;nom&#8221; field_title=&#8221;Name&#8221; _builder_version=&#8221;4.24.3&#8243; global_colors_info=&#8221;{}&#8221; button_text_size__hover_enabled=&#8221;off&#8221; button_one_text_size__hover_enabled=&#8221;off&#8221; button_two_text_size__hover_enabled=&#8221;off&#8221; button_text_color__hover_enabled=&#8221;off&#8221; button_one_text_color__hover_enabled=&#8221;off&#8221; button_two_text_color__hover_enabled=&#8221;off&#8221; button_border_width__hover_enabled=&#8221;off&#8221; button_one_border_width__hover_enabled=&#8221;off&#8221; button_two_border_width__hover_enabled=&#8221;off&#8221; button_border_color__hover_enabled=&#8221;off&#8221; button_one_border_color__hover_enabled=&#8221;off&#8221; button_two_border_color__hover_enabled=&#8221;off&#8221; button_border_radius__hover_enabled=&#8221;off&#8221; button_one_border_radius__hover_enabled=&#8221;off&#8221; button_two_border_radius__hover_enabled=&#8221;off&#8221; button_letter_spacing__hover_enabled=&#8221;off&#8221; button_one_letter_spacing__hover_enabled=&#8221;off&#8221; button_two_letter_spacing__hover_enabled=&#8221;off&#8221; button_bg_color__hover_enabled=&#8221;off&#8221; button_one_bg_color__hover_enabled=&#8221;off&#8221; button_two_bg_color__hover_enabled=&#8221;off&#8221;][\/et_pb_contact_field][et_pb_contact_field field_id=&#8221;prenom&#8221; field_title=&#8221;Firstname&#8221; _builder_version=&#8221;4.24.3&#8243; global_colors_info=&#8221;{}&#8221; button_text_size__hover_enabled=&#8221;off&#8221; button_one_text_size__hover_enabled=&#8221;off&#8221; button_two_text_size__hover_enabled=&#8221;off&#8221; button_text_color__hover_enabled=&#8221;off&#8221; button_one_text_color__hover_enabled=&#8221;off&#8221; button_two_text_color__hover_enabled=&#8221;off&#8221; button_border_width__hover_enabled=&#8221;off&#8221; button_one_border_width__hover_enabled=&#8221;off&#8221; button_two_border_width__hover_enabled=&#8221;off&#8221; button_border_color__hover_enabled=&#8221;off&#8221; button_one_border_color__hover_enabled=&#8221;off&#8221; button_two_border_color__hover_enabled=&#8221;off&#8221; button_border_radius__hover_enabled=&#8221;off&#8221; button_one_border_radius__hover_enabled=&#8221;off&#8221; button_two_border_radius__hover_enabled=&#8221;off&#8221; button_letter_spacing__hover_enabled=&#8221;off&#8221; button_one_letter_spacing__hover_enabled=&#8221;off&#8221; button_two_letter_spacing__hover_enabled=&#8221;off&#8221; button_bg_color__hover_enabled=&#8221;off&#8221; button_one_bg_color__hover_enabled=&#8221;off&#8221; button_two_bg_color__hover_enabled=&#8221;off&#8221;][\/et_pb_contact_field][et_pb_contact_field field_id=&#8221;email&#8221; field_title=&#8221;E-mail address&#8221; field_type=&#8221;email&#8221; _builder_version=&#8221;4.24.3&#8243; global_colors_info=&#8221;{}&#8221; button_text_size__hover_enabled=&#8221;off&#8221; button_one_text_size__hover_enabled=&#8221;off&#8221; button_two_text_size__hover_enabled=&#8221;off&#8221; button_text_color__hover_enabled=&#8221;off&#8221; button_one_text_color__hover_enabled=&#8221;off&#8221; button_two_text_color__hover_enabled=&#8221;off&#8221; button_border_width__hover_enabled=&#8221;off&#8221; button_one_border_width__hover_enabled=&#8221;off&#8221; button_two_border_width__hover_enabled=&#8221;off&#8221; button_border_color__hover_enabled=&#8221;off&#8221; button_one_border_color__hover_enabled=&#8221;off&#8221; button_two_border_color__hover_enabled=&#8221;off&#8221; button_border_radius__hover_enabled=&#8221;off&#8221; button_one_border_radius__hover_enabled=&#8221;off&#8221; button_two_border_radius__hover_enabled=&#8221;off&#8221; button_letter_spacing__hover_enabled=&#8221;off&#8221; button_one_letter_spacing__hover_enabled=&#8221;off&#8221; button_two_letter_spacing__hover_enabled=&#8221;off&#8221; button_bg_color__hover_enabled=&#8221;off&#8221; button_one_bg_color__hover_enabled=&#8221;off&#8221; button_two_bg_color__hover_enabled=&#8221;off&#8221;][\/et_pb_contact_field][et_pb_contact_field field_id=&#8221;telephone&#8221; field_title=&#8221;Phone&#8221; _builder_version=&#8221;4.24.3&#8243; global_colors_info=&#8221;{}&#8221; button_text_size__hover_enabled=&#8221;off&#8221; button_one_text_size__hover_enabled=&#8221;off&#8221; button_two_text_size__hover_enabled=&#8221;off&#8221; button_text_color__hover_enabled=&#8221;off&#8221; button_one_text_color__hover_enabled=&#8221;off&#8221; button_two_text_color__hover_enabled=&#8221;off&#8221; button_border_width__hover_enabled=&#8221;off&#8221; button_one_border_width__hover_enabled=&#8221;off&#8221; button_two_border_width__hover_enabled=&#8221;off&#8221; button_border_color__hover_enabled=&#8221;off&#8221; button_one_border_color__hover_enabled=&#8221;off&#8221; button_two_border_color__hover_enabled=&#8221;off&#8221; button_border_radius__hover_enabled=&#8221;off&#8221; button_one_border_radius__hover_enabled=&#8221;off&#8221; button_two_border_radius__hover_enabled=&#8221;off&#8221; button_letter_spacing__hover_enabled=&#8221;off&#8221; button_one_letter_spacing__hover_enabled=&#8221;off&#8221; button_two_letter_spacing__hover_enabled=&#8221;off&#8221; button_bg_color__hover_enabled=&#8221;off&#8221; button_one_bg_color__hover_enabled=&#8221;off&#8221; button_two_bg_color__hover_enabled=&#8221;off&#8221;][\/et_pb_contact_field][et_pb_contact_field field_id=&#8221;Message&#8221; field_title=&#8221;Message&#8221; field_type=&#8221;text&#8221; fullwidth_field=&#8221;on&#8221; _builder_version=&#8221;4.16&#8243; global_colors_info=&#8221;{}&#8221; button_text_size__hover_enabled=&#8221;off&#8221; button_one_text_size__hover_enabled=&#8221;off&#8221; button_two_text_size__hover_enabled=&#8221;off&#8221; button_text_color__hover_enabled=&#8221;off&#8221; button_one_text_color__hover_enabled=&#8221;off&#8221; button_two_text_color__hover_enabled=&#8221;off&#8221; button_border_width__hover_enabled=&#8221;off&#8221; button_one_border_width__hover_enabled=&#8221;off&#8221; button_two_border_width__hover_enabled=&#8221;off&#8221; button_border_color__hover_enabled=&#8221;off&#8221; button_one_border_color__hover_enabled=&#8221;off&#8221; button_two_border_color__hover_enabled=&#8221;off&#8221; button_border_radius__hover_enabled=&#8221;off&#8221; button_one_border_radius__hover_enabled=&#8221;off&#8221; button_two_border_radius__hover_enabled=&#8221;off&#8221; button_letter_spacing__hover_enabled=&#8221;off&#8221; button_one_letter_spacing__hover_enabled=&#8221;off&#8221; button_two_letter_spacing__hover_enabled=&#8221;off&#8221; button_bg_color__hover_enabled=&#8221;off&#8221; button_one_bg_color__hover_enabled=&#8221;off&#8221; button_two_bg_color__hover_enabled=&#8221;off&#8221;][\/et_pb_contact_field][\/et_pb_contact_form][\/et_pb_column][\/et_pb_row][\/et_pb_section]<\/p>\n","protected":false},"excerpt":{"rendered":"<p>ContactDo you have a question or need information? Don&#8217;t hesitate to contact me using this form. I&#8217;ll get back to you as soon as possible.<\/p>\n","protected":false},"author":1,"featured_media":0,"parent":0,"menu_order":0,"comment_status":"closed","ping_status":"closed","template":"","meta":{"_et_pb_use_builder":"on","_et_pb_old_content":"","_et_gb_content_width":"","footnotes":""},"class_list":["post-2183","page","type-page","status-publish","hentry"],"yoast_head":"<!-- This site is optimized with the Yoast SEO plugin v27.4 - https:\/\/yoast.com\/product\/yoast-seo-wordpress\/ -->\n<title>Contact - Non Peut-\u00catre Productions - Marc Dalmans<\/title>\n<meta name=\"robots\" content=\"index, follow, max-snippet:-1, max-image-preview:large, max-video-preview:-1\" \/>\n<link rel=\"canonical\" href=\"https:\/\/nonpeutetreproductions.com\/en\/contact\/\" \/>\n<meta property=\"og:locale\" content=\"en_US\" \/>\n<meta property=\"og:type\" content=\"article\" \/>\n<meta property=\"og:title\" content=\"Contact - Non Peut-\u00catre Productions - Marc Dalmans\" \/>\n<meta property=\"og:description\" content=\"ContactDo you have a question or need information? Don&#039;t hesitate to contact me using this form. I&#039;ll get back to you as soon as possible.\" \/>\n<meta property=\"og:url\" content=\"https:\/\/nonpeutetreproductions.com\/en\/contact\/\" \/>\n<meta property=\"og:site_name\" content=\"Non Peut-\u00catre Productions - Marc Dalmans\" \/>\n<meta property=\"article:modified_time\" content=\"2024-12-28T20:06:01+00:00\" \/>\n<meta property=\"og:image\" content=\"https:\/\/nonpeutetreproductions.com\/wp-content\/uploads\/2024\/04\/npe-yoast-0.jpg\" \/>\n\t<meta property=\"og:image:width\" content=\"1200\" \/>\n\t<meta property=\"og:image:height\" content=\"675\" \/>\n\t<meta property=\"og:image:type\" content=\"image\/jpeg\" \/>\n<meta name=\"twitter:card\" content=\"summary_large_image\" \/>\n<meta name=\"twitter:label1\" content=\"Est. reading time\" \/>\n\t<meta name=\"twitter:data1\" content=\"1 minute\" \/>\n<script type=\"application\/ld+json\" class=\"yoast-schema-graph\">{\"@context\":\"https:\\\/\\\/schema.org\",\"@graph\":[{\"@type\":\"WebPage\",\"@id\":\"https:\\\/\\\/nonpeutetreproductions.com\\\/en\\\/contact\\\/\",\"url\":\"https:\\\/\\\/nonpeutetreproductions.com\\\/en\\\/contact\\\/\",\"name\":\"Contact - Non Peut-\u00catre Productions - Marc Dalmans\",\"isPartOf\":{\"@id\":\"https:\\\/\\\/nonpeutetreproductions.com\\\/en\\\/#website\"},\"datePublished\":\"2024-04-06T20:49:49+00:00\",\"dateModified\":\"2024-12-28T20:06:01+00:00\",\"breadcrumb\":{\"@id\":\"https:\\\/\\\/nonpeutetreproductions.com\\\/en\\\/contact\\\/#breadcrumb\"},\"inLanguage\":\"en-US\",\"potentialAction\":[{\"@type\":\"ReadAction\",\"target\":[\"https:\\\/\\\/nonpeutetreproductions.com\\\/en\\\/contact\\\/\"]}]},{\"@type\":\"BreadcrumbList\",\"@id\":\"https:\\\/\\\/nonpeutetreproductions.com\\\/en\\\/contact\\\/#breadcrumb\",\"itemListElement\":[{\"@type\":\"ListItem\",\"position\":1,\"name\":\"Accueil\",\"item\":\"https:\\\/\\\/nonpeutetreproductions.com\\\/en\\\/\"},{\"@type\":\"ListItem\",\"position\":2,\"name\":\"Contact\"}]},{\"@type\":\"WebSite\",\"@id\":\"https:\\\/\\\/nonpeutetreproductions.com\\\/en\\\/#website\",\"url\":\"https:\\\/\\\/nonpeutetreproductions.com\\\/en\\\/\",\"name\":\"Non Peut-\u00catre Productions - Marc Dalmans\",\"description\":\"Directeur de production, R\u00e9gisseur g\u00e9n\u00e9ral, Producteur ex\u00e9cutif, R\u00e9alisateur\",\"publisher\":{\"@id\":\"https:\\\/\\\/nonpeutetreproductions.com\\\/en\\\/#organization\"},\"alternateName\":\"Marc Dalmans, directeur de production, r\u00e9gisseur g\u00e9n\u00e9ral, producteur ex\u00e9cutif, r\u00e9alisateur\",\"potentialAction\":[{\"@type\":\"SearchAction\",\"target\":{\"@type\":\"EntryPoint\",\"urlTemplate\":\"https:\\\/\\\/nonpeutetreproductions.com\\\/en\\\/?s={search_term_string}\"},\"query-input\":{\"@type\":\"PropertyValueSpecification\",\"valueRequired\":true,\"valueName\":\"search_term_string\"}}],\"inLanguage\":\"en-US\"},{\"@type\":\"Organization\",\"@id\":\"https:\\\/\\\/nonpeutetreproductions.com\\\/en\\\/#organization\",\"name\":\"Non Peut-\u00catre Productions - Marc Dalmans\",\"url\":\"https:\\\/\\\/nonpeutetreproductions.com\\\/en\\\/\",\"logo\":{\"@type\":\"ImageObject\",\"inLanguage\":\"en-US\",\"@id\":\"https:\\\/\\\/nonpeutetreproductions.com\\\/en\\\/#\\\/schema\\\/logo\\\/image\\\/\",\"url\":\"https:\\\/\\\/nonpeutetreproductions.com\\\/wp-content\\\/uploads\\\/2024\\\/04\\\/favicon.jpg\",\"contentUrl\":\"https:\\\/\\\/nonpeutetreproductions.com\\\/wp-content\\\/uploads\\\/2024\\\/04\\\/favicon.jpg\",\"width\":512,\"height\":512,\"caption\":\"Non Peut-\u00catre Productions - Marc Dalmans\"},\"image\":{\"@id\":\"https:\\\/\\\/nonpeutetreproductions.com\\\/en\\\/#\\\/schema\\\/logo\\\/image\\\/\"}}]}<\/script>\n<!-- \/ Yoast SEO plugin. -->","yoast_head_json":{"title":"Contact - Non Peut-\u00catre Productions - Marc Dalmans","robots":{"index":"index","follow":"follow","max-snippet":"max-snippet:-1","max-image-preview":"max-image-preview:large","max-video-preview":"max-video-preview:-1"},"canonical":"https:\/\/nonpeutetreproductions.com\/en\/contact\/","og_locale":"en_US","og_type":"article","og_title":"Contact - Non Peut-\u00catre Productions - Marc Dalmans","og_description":"ContactDo you have a question or need information? Don't hesitate to contact me using this form. I'll get back to you as soon as possible.","og_url":"https:\/\/nonpeutetreproductions.com\/en\/contact\/","og_site_name":"Non Peut-\u00catre Productions - Marc Dalmans","article_modified_time":"2024-12-28T20:06:01+00:00","og_image":[{"width":1200,"height":675,"url":"https:\/\/nonpeutetreproductions.com\/wp-content\/uploads\/2024\/04\/npe-yoast-0.jpg","type":"image\/jpeg"}],"twitter_card":"summary_large_image","twitter_misc":{"Est. reading time":"1 minute"},"schema":{"@context":"https:\/\/schema.org","@graph":[{"@type":"WebPage","@id":"https:\/\/nonpeutetreproductions.com\/en\/contact\/","url":"https:\/\/nonpeutetreproductions.com\/en\/contact\/","name":"Contact - Non Peut-\u00catre Productions - Marc Dalmans","isPartOf":{"@id":"https:\/\/nonpeutetreproductions.com\/en\/#website"},"datePublished":"2024-04-06T20:49:49+00:00","dateModified":"2024-12-28T20:06:01+00:00","breadcrumb":{"@id":"https:\/\/nonpeutetreproductions.com\/en\/contact\/#breadcrumb"},"inLanguage":"en-US","potentialAction":[{"@type":"ReadAction","target":["https:\/\/nonpeutetreproductions.com\/en\/contact\/"]}]},{"@type":"BreadcrumbList","@id":"https:\/\/nonpeutetreproductions.com\/en\/contact\/#breadcrumb","itemListElement":[{"@type":"ListItem","position":1,"name":"Accueil","item":"https:\/\/nonpeutetreproductions.com\/en\/"},{"@type":"ListItem","position":2,"name":"Contact"}]},{"@type":"WebSite","@id":"https:\/\/nonpeutetreproductions.com\/en\/#website","url":"https:\/\/nonpeutetreproductions.com\/en\/","name":"Non Peut-\u00catre Productions - Marc Dalmans","description":"Directeur de production, R\u00e9gisseur g\u00e9n\u00e9ral, Producteur ex\u00e9cutif, R\u00e9alisateur","publisher":{"@id":"https:\/\/nonpeutetreproductions.com\/en\/#organization"},"alternateName":"Marc Dalmans, directeur de production, r\u00e9gisseur g\u00e9n\u00e9ral, producteur ex\u00e9cutif, r\u00e9alisateur","potentialAction":[{"@type":"SearchAction","target":{"@type":"EntryPoint","urlTemplate":"https:\/\/nonpeutetreproductions.com\/en\/?s={search_term_string}"},"query-input":{"@type":"PropertyValueSpecification","valueRequired":true,"valueName":"search_term_string"}}],"inLanguage":"en-US"},{"@type":"Organization","@id":"https:\/\/nonpeutetreproductions.com\/en\/#organization","name":"Non Peut-\u00catre Productions - Marc Dalmans","url":"https:\/\/nonpeutetreproductions.com\/en\/","logo":{"@type":"ImageObject","inLanguage":"en-US","@id":"https:\/\/nonpeutetreproductions.com\/en\/#\/schema\/logo\/image\/","url":"https:\/\/nonpeutetreproductions.com\/wp-content\/uploads\/2024\/04\/favicon.jpg","contentUrl":"https:\/\/nonpeutetreproductions.com\/wp-content\/uploads\/2024\/04\/favicon.jpg","width":512,"height":512,"caption":"Non Peut-\u00catre Productions - Marc Dalmans"},"image":{"@id":"https:\/\/nonpeutetreproductions.com\/en\/#\/schema\/logo\/image\/"}}]}},"_links":{"self":[{"href":"https:\/\/nonpeutetreproductions.com\/en\/wp-json\/wp\/v2\/pages\/2183","targetHints":{"allow":["GET"]}}],"collection":[{"href":"https:\/\/nonpeutetreproductions.com\/en\/wp-json\/wp\/v2\/pages"}],"about":[{"href":"https:\/\/nonpeutetreproductions.com\/en\/wp-json\/wp\/v2\/types\/page"}],"author":[{"embeddable":true,"href":"https:\/\/nonpeutetreproductions.com\/en\/wp-json\/wp\/v2\/users\/1"}],"replies":[{"embeddable":true,"href":"https:\/\/nonpeutetreproductions.com\/en\/wp-json\/wp\/v2\/comments?post=2183"}],"version-history":[{"count":10,"href":"https:\/\/nonpeutetreproductions.com\/en\/wp-json\/wp\/v2\/pages\/2183\/revisions"}],"predecessor-version":[{"id":3726,"href":"https:\/\/nonpeutetreproductions.com\/en\/wp-json\/wp\/v2\/pages\/2183\/revisions\/3726"}],"wp:attachment":[{"href":"https:\/\/nonpeutetreproductions.com\/en\/wp-json\/wp\/v2\/media?parent=2183"}],"curies":[{"name":"wp","href":"https:\/\/api.w.org\/{rel}","templated":true}]}}