{"id":2184,"date":"2024-04-06T22:13:58","date_gmt":"2024-04-06T20:13:58","guid":{"rendered":"https:\/\/nonpeutetreproductions.com\/location-de-materiel\/"},"modified":"2024-05-26T14:22:44","modified_gmt":"2024-05-26T12:22:44","slug":"equipment-for-rent","status":"publish","type":"page","link":"https:\/\/nonpeutetreproductions.com\/en\/equipment-for-rent\/","title":{"rendered":"Equipment for rent"},"content":{"rendered":"<p>[et_pb_section fb_built=&#8221;1&#8243; custom_padding_last_edited=&#8221;on|phone&#8221; _builder_version=&#8221;4.25.1&#8243; _module_preset=&#8221;default&#8221; min_height=&#8221;78vh&#8221; custom_padding=&#8221;80px||80px||false|false&#8221; custom_padding_tablet=&#8221;80px||80px||false|false&#8221; custom_padding_phone=&#8221;60px||||false|false&#8221; global_colors_info=&#8221;{}&#8221; background_last_edited=&#8221;on|phone&#8221; background_enable_color=&#8221;off&#8221; use_background_color_gradient=&#8221;on&#8221; background_color_gradient_stops=&#8221;#0063b2 0%|#4080d3 100%&#8221; background_image=&#8221;https:\/\/nonpeutetreproductions.com\/wp-content\/uploads\/2024\/05\/bobine-de-film-0.png&#8221; background_enable_image_phone=&#8221;off&#8221; parallax=&#8221;on&#8221;][et_pb_row custom_padding_last_edited=&#8221;off|desktop&#8221; module_id=&#8221;index-lig-2&#8243; _builder_version=&#8221;4.24.3&#8243; _module_preset=&#8221;default&#8221; width_tablet=&#8221;80%&#8221; width_phone=&#8221;80%&#8221; width_last_edited=&#8221;off|desktop&#8221; custom_margin=&#8221;||||false|false&#8221; custom_margin_last_edited=&#8221;off|tablet&#8221; custom_padding=&#8221;0px||0px||false|false&#8221; custom_padding_tablet=&#8221;||||false|false&#8221; custom_padding_phone=&#8221;60px||||false|false&#8221; locked=&#8221;off&#8221; global_colors_info=&#8221;{}&#8221;][et_pb_column type=&#8221;4_4&#8243; _builder_version=&#8221;4.24.3&#8243; _module_preset=&#8221;default&#8221; global_colors_info=&#8221;{}&#8221;][et_pb_text admin_label=&#8221;Texte-Acttualite&#8221; module_class=&#8221;text&#8221; _builder_version=&#8221;4.24.3&#8243; _module_preset=&#8221;default&#8221; header_font=&#8221;Metropolis_1920|300||on|||||&#8221; header_text_align=&#8221;center&#8221; header_text_color=&#8221;#FDFFFC&#8221; header_font_size=&#8221;69px&#8221; header_font_size_tablet=&#8221;54px&#8221; header_font_size_phone=&#8221;45px&#8221; header_font_size_last_edited=&#8221;on|phone&#8221; global_colors_info=&#8221;{}&#8221;]<\/p>\n<h1>Equipment for rent<\/h1>\n<p>[\/et_pb_text][\/et_pb_column][\/et_pb_row][et_pb_row custom_padding_last_edited=&#8221;on|phone&#8221; _builder_version=&#8221;4.24.3&#8243; _module_preset=&#8221;default&#8221; custom_padding=&#8221;60px||||false|false&#8221; custom_padding_tablet=&#8221;40px||0px||false|false&#8221; custom_padding_phone=&#8221;40px||||false|false&#8221; global_colors_info=&#8221;{}&#8221;][et_pb_column type=&#8221;4_4&#8243; _builder_version=&#8221;4.24.3&#8243; _module_preset=&#8221;default&#8221; global_colors_info=&#8221;{}&#8221;][et_pb_text _builder_version=&#8221;4.24.3&#8243; _module_preset=&#8221;default&#8221; text_text_color=&#8221;#FDFFFC&#8221; global_colors_info=&#8221;{}&#8221;]<\/p>\n<ul>\n<li>Picasso 7-seater car: \u20ac275\/week &#8211; \u20ac700\/month<\/li>\n<li>Sony HD camera: \u20ac20\/day &#8211; \u20ac60\/week &#8211; \u20ac180\/month<\/li>\n<li>Nikon camera + accessories: \u20ac30\/day &#8211; \u20ac80\/week &#8211; \u20ac220\/month<\/li>\n<li>Lenovo laptop: \u20ac100\/month<\/li>\n<li>Electrical set (10 extension cords different lengths &#8211; 10 triplets): \u20ac30\/month<\/li>\n<li>Senseo coffee machine: \u20ac15\/week &#8211; \u20ac30\/month<\/li>\n<li>Microwave: 20\u20ac\/week &#8211; 50\u20ac\/month<\/li>\n<li>Table set of 5: \u20ac28\/week &#8211; \u20ac70\/month<\/li>\n<li>Folding chairs in packs of 5: \u20ac20\/week &#8211; \u20ac50\/month<\/li>\n<\/ul>\n<p>[\/et_pb_text][et_pb_button button_url=&#8221;https:\/\/nonpeutetreproductions.com\/en\/contact\/&#8221; button_text=&#8221;Contact us&#8221; button_alignment=&#8221;left&#8221; button_alignment_tablet=&#8221;center&#8221; button_alignment_phone=&#8221;center&#8221; button_alignment_last_edited=&#8221;on|tablet&#8221; _builder_version=&#8221;4.25.1&#8243; _module_preset=&#8221;default&#8221; custom_button=&#8221;on&#8221; button_text_color=&#8221;#FDFFFC&#8221; button_bg_color=&#8221;#0063B2&#8243; button_border_color=&#8221;#FDFFFC&#8221; button_border_radius=&#8221;8px&#8221; button_icon=&#8221;&#x49;||divi||400&#8243; custom_margin=&#8221;40px|7px|||false|false&#8221; custom_margin_tablet=&#8221;40px|0px|||false|false&#8221; custom_margin_phone=&#8221;20px|0px|||false|false&#8221; custom_margin_last_edited=&#8221;on|phone&#8221; hover_enabled=&#8221;0&#8243; locked=&#8221;off&#8221; global_colors_info=&#8221;{}&#8221; button_bg_enable_color=&#8221;on&#8221; sticky_enabled=&#8221;0&#8243;][\/et_pb_button][\/et_pb_column][\/et_pb_row][\/et_pb_section]<\/p>\n","protected":false},"excerpt":{"rendered":"<p>Equipment for rent Picasso 7-seater car: \u20ac275\/week &#8211; \u20ac700\/month Sony HD camera: \u20ac20\/day &#8211; \u20ac60\/week &#8211; \u20ac180\/month Nikon camera + accessories: \u20ac30\/day &#8211; \u20ac80\/week &#8211; \u20ac220\/month Lenovo laptop: \u20ac100\/month Electrical set (10 extension cords different lengths &#8211; 10 triplets): \u20ac30\/month Senseo coffee machine: \u20ac15\/week &#8211; \u20ac30\/month Microwave: 20\u20ac\/week &#8211; 50\u20ac\/month Table set of 5: \u20ac28\/week [&hellip;]<\/p>\n","protected":false},"author":1,"featured_media":0,"parent":0,"menu_order":0,"comment_status":"closed","ping_status":"closed","template":"","meta":{"_et_pb_use_builder":"on","_et_pb_old_content":"","_et_gb_content_width":"","footnotes":""},"class_list":["post-2184","page","type-page","status-publish","hentry"],"yoast_head":"<!-- This site is optimized with the Yoast SEO plugin v27.3 - https:\/\/yoast.com\/product\/yoast-seo-wordpress\/ -->\n<title>Equipment for rent - Non Peut-\u00catre Productions - Marc Dalmans<\/title>\n<meta name=\"robots\" content=\"index, follow, max-snippet:-1, max-image-preview:large, max-video-preview:-1\" \/>\n<link rel=\"canonical\" href=\"https:\/\/nonpeutetreproductions.com\/en\/equipment-for-rent\/\" \/>\n<meta property=\"og:locale\" content=\"en_US\" \/>\n<meta property=\"og:type\" content=\"article\" \/>\n<meta property=\"og:title\" content=\"Equipment for rent - Non Peut-\u00catre Productions - Marc Dalmans\" \/>\n<meta property=\"og:description\" content=\"Equipment for rent Picasso 7-seater car: \u20ac275\/week - \u20ac700\/month Sony HD camera: \u20ac20\/day - \u20ac60\/week - \u20ac180\/month Nikon camera + accessories: \u20ac30\/day - \u20ac80\/week - \u20ac220\/month Lenovo laptop: \u20ac100\/month Electrical set (10 extension cords different lengths - 10 triplets): \u20ac30\/month Senseo coffee machine: \u20ac15\/week - \u20ac30\/month Microwave: 20\u20ac\/week - 50\u20ac\/month Table set of 5: \u20ac28\/week [&hellip;]\" \/>\n<meta property=\"og:url\" content=\"https:\/\/nonpeutetreproductions.com\/en\/equipment-for-rent\/\" \/>\n<meta property=\"og:site_name\" content=\"Non Peut-\u00catre Productions - Marc Dalmans\" \/>\n<meta property=\"article:modified_time\" content=\"2024-05-26T12:22:44+00:00\" \/>\n<meta property=\"og:image\" content=\"https:\/\/nonpeutetreproductions.com\/wp-content\/uploads\/2024\/04\/npe-yoast-0.jpg\" \/>\n\t<meta property=\"og:image:width\" content=\"1200\" \/>\n\t<meta property=\"og:image:height\" content=\"675\" \/>\n\t<meta property=\"og:image:type\" content=\"image\/jpeg\" \/>\n<meta name=\"twitter:card\" content=\"summary_large_image\" \/>\n<meta name=\"twitter:label1\" content=\"Est. reading time\" \/>\n\t<meta name=\"twitter:data1\" content=\"1 minute\" \/>\n<script type=\"application\/ld+json\" class=\"yoast-schema-graph\">{\"@context\":\"https:\\\/\\\/schema.org\",\"@graph\":[{\"@type\":\"WebPage\",\"@id\":\"https:\\\/\\\/nonpeutetreproductions.com\\\/en\\\/equipment-for-rent\\\/\",\"url\":\"https:\\\/\\\/nonpeutetreproductions.com\\\/en\\\/equipment-for-rent\\\/\",\"name\":\"Equipment for rent - Non Peut-\u00catre Productions - Marc Dalmans\",\"isPartOf\":{\"@id\":\"https:\\\/\\\/nonpeutetreproductions.com\\\/en\\\/#website\"},\"datePublished\":\"2024-04-06T20:13:58+00:00\",\"dateModified\":\"2024-05-26T12:22:44+00:00\",\"breadcrumb\":{\"@id\":\"https:\\\/\\\/nonpeutetreproductions.com\\\/en\\\/equipment-for-rent\\\/#breadcrumb\"},\"inLanguage\":\"en-US\",\"potentialAction\":[{\"@type\":\"ReadAction\",\"target\":[\"https:\\\/\\\/nonpeutetreproductions.com\\\/en\\\/equipment-for-rent\\\/\"]}]},{\"@type\":\"BreadcrumbList\",\"@id\":\"https:\\\/\\\/nonpeutetreproductions.com\\\/en\\\/equipment-for-rent\\\/#breadcrumb\",\"itemListElement\":[{\"@type\":\"ListItem\",\"position\":1,\"name\":\"Accueil\",\"item\":\"https:\\\/\\\/nonpeutetreproductions.com\\\/en\\\/\"},{\"@type\":\"ListItem\",\"position\":2,\"name\":\"Equipment for rent\"}]},{\"@type\":\"WebSite\",\"@id\":\"https:\\\/\\\/nonpeutetreproductions.com\\\/en\\\/#website\",\"url\":\"https:\\\/\\\/nonpeutetreproductions.com\\\/en\\\/\",\"name\":\"Non Peut-\u00catre Productions - Marc Dalmans\",\"description\":\"Directeur de production, R\u00e9gisseur g\u00e9n\u00e9ral, Producteur ex\u00e9cutif, R\u00e9alisateur\",\"publisher\":{\"@id\":\"https:\\\/\\\/nonpeutetreproductions.com\\\/en\\\/#organization\"},\"alternateName\":\"Marc Dalmans, directeur de production, r\u00e9gisseur g\u00e9n\u00e9ral, producteur ex\u00e9cutif, r\u00e9alisateur\",\"potentialAction\":[{\"@type\":\"SearchAction\",\"target\":{\"@type\":\"EntryPoint\",\"urlTemplate\":\"https:\\\/\\\/nonpeutetreproductions.com\\\/en\\\/?s={search_term_string}\"},\"query-input\":{\"@type\":\"PropertyValueSpecification\",\"valueRequired\":true,\"valueName\":\"search_term_string\"}}],\"inLanguage\":\"en-US\"},{\"@type\":\"Organization\",\"@id\":\"https:\\\/\\\/nonpeutetreproductions.com\\\/en\\\/#organization\",\"name\":\"Non Peut-\u00catre Productions - Marc Dalmans\",\"url\":\"https:\\\/\\\/nonpeutetreproductions.com\\\/en\\\/\",\"logo\":{\"@type\":\"ImageObject\",\"inLanguage\":\"en-US\",\"@id\":\"https:\\\/\\\/nonpeutetreproductions.com\\\/en\\\/#\\\/schema\\\/logo\\\/image\\\/\",\"url\":\"https:\\\/\\\/nonpeutetreproductions.com\\\/wp-content\\\/uploads\\\/2024\\\/04\\\/favicon.jpg\",\"contentUrl\":\"https:\\\/\\\/nonpeutetreproductions.com\\\/wp-content\\\/uploads\\\/2024\\\/04\\\/favicon.jpg\",\"width\":512,\"height\":512,\"caption\":\"Non Peut-\u00catre Productions - Marc Dalmans\"},\"image\":{\"@id\":\"https:\\\/\\\/nonpeutetreproductions.com\\\/en\\\/#\\\/schema\\\/logo\\\/image\\\/\"}}]}<\/script>\n<!-- \/ Yoast SEO plugin. -->","yoast_head_json":{"title":"Equipment for rent - Non Peut-\u00catre Productions - Marc Dalmans","robots":{"index":"index","follow":"follow","max-snippet":"max-snippet:-1","max-image-preview":"max-image-preview:large","max-video-preview":"max-video-preview:-1"},"canonical":"https:\/\/nonpeutetreproductions.com\/en\/equipment-for-rent\/","og_locale":"en_US","og_type":"article","og_title":"Equipment for rent - Non Peut-\u00catre Productions - Marc Dalmans","og_description":"Equipment for rent Picasso 7-seater car: \u20ac275\/week - \u20ac700\/month Sony HD camera: \u20ac20\/day - \u20ac60\/week - \u20ac180\/month Nikon camera + accessories: \u20ac30\/day - \u20ac80\/week - \u20ac220\/month Lenovo laptop: \u20ac100\/month Electrical set (10 extension cords different lengths - 10 triplets): \u20ac30\/month Senseo coffee machine: \u20ac15\/week - \u20ac30\/month Microwave: 20\u20ac\/week - 50\u20ac\/month Table set of 5: \u20ac28\/week [&hellip;]","og_url":"https:\/\/nonpeutetreproductions.com\/en\/equipment-for-rent\/","og_site_name":"Non Peut-\u00catre Productions - Marc Dalmans","article_modified_time":"2024-05-26T12:22:44+00:00","og_image":[{"width":1200,"height":675,"url":"https:\/\/nonpeutetreproductions.com\/wp-content\/uploads\/2024\/04\/npe-yoast-0.jpg","type":"image\/jpeg"}],"twitter_card":"summary_large_image","twitter_misc":{"Est. reading time":"1 minute"},"schema":{"@context":"https:\/\/schema.org","@graph":[{"@type":"WebPage","@id":"https:\/\/nonpeutetreproductions.com\/en\/equipment-for-rent\/","url":"https:\/\/nonpeutetreproductions.com\/en\/equipment-for-rent\/","name":"Equipment for rent - Non Peut-\u00catre Productions - Marc Dalmans","isPartOf":{"@id":"https:\/\/nonpeutetreproductions.com\/en\/#website"},"datePublished":"2024-04-06T20:13:58+00:00","dateModified":"2024-05-26T12:22:44+00:00","breadcrumb":{"@id":"https:\/\/nonpeutetreproductions.com\/en\/equipment-for-rent\/#breadcrumb"},"inLanguage":"en-US","potentialAction":[{"@type":"ReadAction","target":["https:\/\/nonpeutetreproductions.com\/en\/equipment-for-rent\/"]}]},{"@type":"BreadcrumbList","@id":"https:\/\/nonpeutetreproductions.com\/en\/equipment-for-rent\/#breadcrumb","itemListElement":[{"@type":"ListItem","position":1,"name":"Accueil","item":"https:\/\/nonpeutetreproductions.com\/en\/"},{"@type":"ListItem","position":2,"name":"Equipment for rent"}]},{"@type":"WebSite","@id":"https:\/\/nonpeutetreproductions.com\/en\/#website","url":"https:\/\/nonpeutetreproductions.com\/en\/","name":"Non Peut-\u00catre Productions - Marc Dalmans","description":"Directeur de production, R\u00e9gisseur g\u00e9n\u00e9ral, Producteur ex\u00e9cutif, R\u00e9alisateur","publisher":{"@id":"https:\/\/nonpeutetreproductions.com\/en\/#organization"},"alternateName":"Marc Dalmans, directeur de production, r\u00e9gisseur g\u00e9n\u00e9ral, producteur ex\u00e9cutif, r\u00e9alisateur","potentialAction":[{"@type":"SearchAction","target":{"@type":"EntryPoint","urlTemplate":"https:\/\/nonpeutetreproductions.com\/en\/?s={search_term_string}"},"query-input":{"@type":"PropertyValueSpecification","valueRequired":true,"valueName":"search_term_string"}}],"inLanguage":"en-US"},{"@type":"Organization","@id":"https:\/\/nonpeutetreproductions.com\/en\/#organization","name":"Non Peut-\u00catre Productions - Marc Dalmans","url":"https:\/\/nonpeutetreproductions.com\/en\/","logo":{"@type":"ImageObject","inLanguage":"en-US","@id":"https:\/\/nonpeutetreproductions.com\/en\/#\/schema\/logo\/image\/","url":"https:\/\/nonpeutetreproductions.com\/wp-content\/uploads\/2024\/04\/favicon.jpg","contentUrl":"https:\/\/nonpeutetreproductions.com\/wp-content\/uploads\/2024\/04\/favicon.jpg","width":512,"height":512,"caption":"Non Peut-\u00catre Productions - Marc Dalmans"},"image":{"@id":"https:\/\/nonpeutetreproductions.com\/en\/#\/schema\/logo\/image\/"}}]}},"_links":{"self":[{"href":"https:\/\/nonpeutetreproductions.com\/en\/wp-json\/wp\/v2\/pages\/2184","targetHints":{"allow":["GET"]}}],"collection":[{"href":"https:\/\/nonpeutetreproductions.com\/en\/wp-json\/wp\/v2\/pages"}],"about":[{"href":"https:\/\/nonpeutetreproductions.com\/en\/wp-json\/wp\/v2\/types\/page"}],"author":[{"embeddable":true,"href":"https:\/\/nonpeutetreproductions.com\/en\/wp-json\/wp\/v2\/users\/1"}],"replies":[{"embeddable":true,"href":"https:\/\/nonpeutetreproductions.com\/en\/wp-json\/wp\/v2\/comments?post=2184"}],"version-history":[{"count":2,"href":"https:\/\/nonpeutetreproductions.com\/en\/wp-json\/wp\/v2\/pages\/2184\/revisions"}],"predecessor-version":[{"id":3672,"href":"https:\/\/nonpeutetreproductions.com\/en\/wp-json\/wp\/v2\/pages\/2184\/revisions\/3672"}],"wp:attachment":[{"href":"https:\/\/nonpeutetreproductions.com\/en\/wp-json\/wp\/v2\/media?parent=2184"}],"curies":[{"name":"wp","href":"https:\/\/api.w.org\/{rel}","templated":true}]}}